{"id":3730,"date":"2023-08-23T11:40:00","date_gmt":"2023-08-23T11:40:00","guid":{"rendered":"https:\/\/www.atlas.ro\/product\/hp-scanjet-ent-flow-n9120-fn2-scanner\/"},"modified":"2023-09-28T10:59:42","modified_gmt":"2023-09-28T10:59:42","slug":"hp-scanjet-ent-flow-n9120-fn2-scanner","status":"publish","type":"product","link":"https:\/\/www.atlas.ro\/en\/product\/hp-scanjet-ent-flow-n9120-fn2-scanner\/","title":{"rendered":"HP ScanJet Ent Flow N9120 fn2 Scanner"},"content":{"rendered":"<ul>\n<li>Conecta\u021bi scanerul la PC prin intermediul interfe\u021bei standard sau utiliza\u021bi-l ca transmit\u0103tor digital prin re\u021beaua integrat\u0103.<\/li>\n<li>Transfera\u021bi simplu \u0219i rapid scan\u0103rile \u00een text editabil, \u00een fi\u0219iere PDF criptate \u0219i alte tipuri de fi\u0219iere, cu func\u021bia OCR integrat\u0103.<\/li>\n<\/ul>\n<p>&nbsp;<\/p>\n<h3>Realiza\u021bi mai mult. Mai rapid ca oric\u00e2nd<\/h3>\n<ul>\n<li>Manevra\u021bi volume mari, la viteze foarte mari \u2013 de p\u00e2n\u0103 la 120 ppm\/240 ipm. Gestiona\u021bi lucr\u0103rile direct, utiliz\u00e2nd panoul de control tactil de 8 inch (20,3 cm), cu tastatur\u0103 glisant\u0103 complet\u0103.<\/li>\n<li>Capta\u021bi u\u0219or fiecare pagin\u0103 \u2013 chiar \u0219i teancuri de suporturi combinate \u2013 cu HP EveryPage \u0219i un senzor ultrasunete.<\/li>\n<li>Conteaz\u0103 pe acest scaner de fiecare dat\u0103, recomandat pentru p\u00e2n\u0103 la 20,000 de pagini pe zi.<\/li>\n<\/ul>\n<p>&nbsp;<\/p>\n<h3>Dispozitivul cu cea mai sigur\u0103 scanare de la HP<\/h3>\n<div class=\"markdown prose w-full break-words dark:prose-invert light\">\n<ul>\n<li>Arhitectura firmware-ului HP FutureSmart poate fi utilizat\u0103 pe mai multe dispozitive \u0219i \u00eembun\u0103t\u0103\u021bit\u0103 \u00een timp cu noile caracteristici.<\/li>\n<li>HP OXP ofer\u0103 solu\u021bii \u00een pachet sau particularizate pentru procese precum cele de securitate, de contabilitate etc.<\/li>\n<li>Centraliza\u021bi controlul mediului de scanare cu HP Web Jetadmin \u2013 \u0219i cre\u0219te\u021bi eficien\u021ba firmei.<\/li>\n<li>Hard disk-ul HP securizat de \u00eenalt\u0103 performan\u021b\u0103 p\u0103streaz\u0103 \u00een siguran\u021b\u0103 datele sensibile. \u0218terge\u021bi \u00een siguran\u021b\u0103 fi\u0219ierele.<\/li>\n<\/ul>\n<p>&nbsp;<\/p>\n<h3>Integra\u021bi simplu solu\u021bii pentru fluxuri de lucru.<\/h3>\n<ul>\n<li>Economisi\u021bi timp \u0219i simplifica\u021bi opera\u021biile de scanare complexe cu HP Scan. Defini\u021bi profile de scanare, scana\u021bi c\u0103tre cloud \u0219i alte destina\u021bii \u0219i \u00eembun\u0103t\u0103\u021bi\u021bi automat imaginile.<\/li>\n<li>Func\u021bia OCR integrat\u0103 creeaz\u0103 fi\u0219iere \u00een care se poate c\u0103uta \u0219i care se pot scan\u0103 c\u0103tre multe destina\u021bii, cu autoformare avansat\u0103 a imaginilor.<\/li>\n<li>Aplica\u021biile HP Workpath v\u0103 pun la dispozi\u021bie o gam\u0103 variat\u0103 de capacit\u0103\u021bi pentru digitalizare simplificat\u0103 \u0219i pentru a garanta securitatea informa\u021biilor confiden\u021biale, contribuind la crearea unei experien\u021be intuitive de utilizare.<\/li>\n<\/ul>\n<\/div>","protected":false},"excerpt":{"rendered":"<p>Cel mai rapid \u0219i mai sigur scaner departamental A3 v\u0103 ajut\u0103 s\u0103 accelera\u021bi activit\u0103\u021bile \u00een firm\u0103. Utiliz\u00e2nd caracteristicile de \u00eenalt\u0103 performan\u021b\u0103 pentru un birou mai productiv.<\/p>","protected":false},"featured_media":3843,"template":"","meta":[],"etheme_brands":[{"term_id":53,"name":"HP","slug":"hp","term_group":0,"term_taxonomy_id":53,"taxonomy":"brand","description":"","parent":0,"count":67,"filter":"raw"}],"product_brand":[],"product_cat":[60],"product_tag":[],"class_list":{"0":"post-3730","1":"product","2":"type-product","3":"status-publish","4":"has-post-thumbnail","6":"brand-hp","7":"product_cat-scanner","9":"first","10":"instock","11":"purchasable","12":"product-type-variable"},"_links":{"self":[{"href":"https:\/\/www.atlas.ro\/en\/wp-json\/wp\/v2\/product\/3730","targetHints":{"allow":["GET"]}}],"collection":[{"href":"https:\/\/www.atlas.ro\/en\/wp-json\/wp\/v2\/product"}],"about":[{"href":"https:\/\/www.atlas.ro\/en\/wp-json\/wp\/v2\/types\/product"}],"wp:featuredmedia":[{"embeddable":true,"href":"https:\/\/www.atlas.ro\/en\/wp-json\/wp\/v2\/media\/3843"}],"wp:attachment":[{"href":"https:\/\/www.atlas.ro\/en\/wp-json\/wp\/v2\/media?parent=3730"}],"wp:term":[{"taxonomy":"brand","embeddable":true,"href":"https:\/\/www.atlas.ro\/en\/wp-json\/wp\/v2\/etheme_brands?post=3730"},{"taxonomy":"product_brand","embeddable":true,"href":"https:\/\/www.atlas.ro\/en\/wp-json\/wp\/v2\/product_brand?post=3730"},{"taxonomy":"product_cat","embeddable":true,"href":"https:\/\/www.atlas.ro\/en\/wp-json\/wp\/v2\/product_cat?post=3730"},{"taxonomy":"product_tag","embeddable":true,"href":"https:\/\/www.atlas.ro\/en\/wp-json\/wp\/v2\/product_tag?post=3730"}],"curies":[{"name":"wp","href":"https:\/\/api.w.org\/{rel}","templated":true}]}}