{"id":3728,"date":"2023-08-23T11:41:00","date_gmt":"2023-08-23T11:41:00","guid":{"rendered":"https:\/\/www.atlas.ro\/product\/hp-scanjet-entflw7000s3-sheet-feed-scanner\/"},"modified":"2023-09-28T11:01:35","modified_gmt":"2023-09-28T11:01:35","slug":"hp-scanjet-entflw7000s3-sheet-feed-scanner","status":"publish","type":"product","link":"https:\/\/www.atlas.ro\/en\/product\/hp-scanjet-entflw7000s3-sheet-feed-scanner\/","title":{"rendered":"HP ScanJet EntFlw7000s3 Sheet-Feed Scanner"},"content":{"rendered":"<h3>Scanare rapid\u0103, cursiv\u0103 &#8211; chiar \u0219i nesupravegheat\u0103<\/h3>\n<ul>\n<li>Captezi documente \u00eentregi cu scanarea duplex cu o singur\u0103 trecere, de p\u00e2n\u0103 la 150 ipm, alb-negru \u0219i color.<\/li>\n<li>Elibera\u021bi spa\u021biul de lucru. Acest HP ScanJet este mic \u0219i sub\u021bire \u2013 un design modern, perfect pentru birou.<\/li>\n<li>Captezi o gam\u0103 larg\u0103 de documente, chiar \u0219i teancuri de suporturi de dimensiuni \u0219i tipuri combinate, cu HP EveryPage.<\/li>\n<li>\u00cencarci p\u00e2n\u0103 la 80 de coli \u00een alimentatorul automat de documente, pentru scanare rapid\u0103, nesupravegheat\u0103.<\/li>\n<\/ul>\n<h3><\/h3>\n<h3>Flux de lucru la performan\u021be de v\u00e2rf. Scanezi mai inteligent.<\/h3>\n<ul>\n<li>Identifici dispozitivele noi \u0219i ob\u021bine\u021bi informa\u021bii despre scanare, prin descoperirea \u0219i monitorizarea de la distan\u021b\u0103 cu HP Web Jetadmin.<\/li>\n<li>Simplifici modul \u00een care scanezi documente A3 \u2013 nu este necesar\u0103 o foaie de suport.<\/li>\n<li>Scanezi imaginile direct \u00een aplica\u021bii, cu interfe\u021bele complete TWAIN \u0219i ISIS\u00ae pe 32 \u0219i 64 de bi\u021bi, care sunt incluse.<\/li>\n<li>Transferi simplu scan\u0103rile \u00een text editabil, \u00een fi\u0219iere PDF criptate \u0219i \u00een alte tipuri de fi\u0219iere, cu func\u021biile OCR \u0219i OCR zonal\u0103 integrate.<\/li>\n<\/ul>\n<h3><\/h3>\n<h3>Scanare de calitate profesional\u0103, care te ajut\u0103 s\u0103 economise\u0219ti timp<\/h3>\n<ul>\n<li>Economise\u0219ti timp \u0219i simplifici opera\u021biile de scanare complexe cu HP Scan Premium.<\/li>\n<li>Creezi set\u0103ri pentru a scana ap\u0103s\u00e2nd un buton pentru activit\u0103\u021bile recurente \u0219i faci selec\u021bii utiliz\u00e2nd panoul de control LCD.<\/li>\n<\/ul>","protected":false},"excerpt":{"rendered":"<p>Oferi\u021bi performan\u021be de scanare de mare volum. Desc\u0103rca\u021bi software cu u\u0219urin\u021b\u0103 \u2013 inclusiv Kofax VRS 5.1 Professional \u2013 care te ajut\u0103 s\u0103 economise\u0219ti timp \u0219i s\u0103 captezi cu \u00eencredere. Ob\u021bine\u021bi viteze de scanare de p\u00e2n\u0103 la 75 ppm\/150 ipm. Recomandat pentru 7.500 de pagini pe zi.<\/p>","protected":false},"featured_media":3841,"template":"","meta":[],"etheme_brands":[{"term_id":53,"name":"HP","slug":"hp","term_group":0,"term_taxonomy_id":53,"taxonomy":"brand","description":"","parent":0,"count":67,"filter":"raw"}],"product_brand":[],"product_cat":[60],"product_tag":[],"class_list":{"0":"post-3728","1":"product","2":"type-product","3":"status-publish","4":"has-post-thumbnail","6":"brand-hp","7":"product_cat-scanner","9":"first","10":"instock","11":"purchasable","12":"product-type-variable"},"_links":{"self":[{"href":"https:\/\/www.atlas.ro\/en\/wp-json\/wp\/v2\/product\/3728","targetHints":{"allow":["GET"]}}],"collection":[{"href":"https:\/\/www.atlas.ro\/en\/wp-json\/wp\/v2\/product"}],"about":[{"href":"https:\/\/www.atlas.ro\/en\/wp-json\/wp\/v2\/types\/product"}],"wp:featuredmedia":[{"embeddable":true,"href":"https:\/\/www.atlas.ro\/en\/wp-json\/wp\/v2\/media\/3841"}],"wp:attachment":[{"href":"https:\/\/www.atlas.ro\/en\/wp-json\/wp\/v2\/media?parent=3728"}],"wp:term":[{"taxonomy":"brand","embeddable":true,"href":"https:\/\/www.atlas.ro\/en\/wp-json\/wp\/v2\/etheme_brands?post=3728"},{"taxonomy":"product_brand","embeddable":true,"href":"https:\/\/www.atlas.ro\/en\/wp-json\/wp\/v2\/product_brand?post=3728"},{"taxonomy":"product_cat","embeddable":true,"href":"https:\/\/www.atlas.ro\/en\/wp-json\/wp\/v2\/product_cat?post=3728"},{"taxonomy":"product_tag","embeddable":true,"href":"https:\/\/www.atlas.ro\/en\/wp-json\/wp\/v2\/product_tag?post=3728"}],"curies":[{"name":"wp","href":"https:\/\/api.w.org\/{rel}","templated":true}]}}