{"id":3723,"date":"2023-08-23T11:41:00","date_gmt":"2023-08-23T11:41:00","guid":{"rendered":"https:\/\/www.atlas.ro\/product\/hp-scanjet-ent-flow-n7000-snw1-scanner\/"},"modified":"2023-09-28T11:07:04","modified_gmt":"2023-09-28T11:07:04","slug":"hp-scanjet-ent-flow-n7000-snw1-scanner","status":"publish","type":"product","link":"https:\/\/www.atlas.ro\/en\/product\/hp-scanjet-ent-flow-n7000-snw1-scanner\/","title":{"rendered":"HP ScanJet Ent Flow N7000 snw1 Scanner"},"content":{"rendered":"<ul>\n<li>Captureaz\u0103 documente \u00eentregi cu scanare duplex \u00eentr-o singur\u0103 trecere, p\u00e2n\u0103 la 150 ipm.<\/li>\n<li>Wi-Fi Direct permite scanarea de pe un dispozitiv mobil f\u0103r\u0103 fir, f\u0103r\u0103 a fi necesar\u0103 o conexiune la o re\u021bea sau la internet.<\/li>\n<li>Captureaz\u0103 o gam\u0103 larg\u0103 de documente \u2013 chiar \u0219i stive de dimensiuni \u0219i tipuri diferite de medii \u2013 cu ajutorul func\u021biei HP EveryPage.<\/li>\n<li>\u00cencarc\u0103 p\u00e2n\u0103 la 80 de pagini \u00een alimentatorul automat pentru scanare rapid\u0103 \u0219i nesupravegheat\u0103.<\/li>\n<li>Identific\u0103 dispozitivele noi \u0219i ob\u021bine informa\u021bii despre scanare cu ajutorul func\u021biei de descoperire \u0219i monitorizare la distan\u021b\u0103 HP Web Jetadmin.<\/li>\n<li>Simplific\u0103 modul \u00een care scanezi documente de dimensiune A3 \u2013 nu este nevoie de o foaie suport.<\/li>\n<li>Scaneaz\u0103 imagini direct \u00een aplica\u021bii cu ajutorul interfe\u021belor TWAIN \u0219i ISIS\u00ae incluse \u0219i complete.<\/li>\n<li>Transfer\u0103 cu u\u0219urin\u021b\u0103 scan\u0103rile \u00een text editabil, \u00een fi\u0219iere PDF c\u0103utabile \u0219i \u00een alte tipuri de fi\u0219iere, utiliz\u00e2nd func\u021bia OCR \u00eencorporat\u0103.<\/li>\n<li>Economise\u0219te timp \u0219i simplific\u0103 sarcinile de scanare complexe cu HP Scan Premium.<\/li>\n<li>Abordeaz\u0103 sarcinile rapid \u0219i u\u0219or \u2013 cu ecranul tactil color de 10.9 cm (4.3&#8243;) simplu.<\/li>\n<li>Scaneaz\u0103 direct pe dispozitive mobile \u0219i apoi editeaz\u0103 \u0219i salveaz\u0103 fi\u0219ierele.<\/li>\n<li>Captureaz\u0103 \u0219i organizeaz\u0103 documente, c\u0103r\u021bi de vizit\u0103 \u0219i alte tipuri de fi\u0219iere cu ajutorul software-ului bogat \u00een func\u021bionalit\u0103\u021bi.<\/li>\n<\/ul>","protected":false},"excerpt":{"rendered":"<div data-testid=\"conversation-turn-17\" class=\"group w-full text-token-text-primary border-b border-black\/10 gizmo:border-0 dark:border-gray-900\/50 gizmo:dark:border-0 bg-gray-50 gizmo:bg-transparent dark:bg-[#444654] gizmo:dark:bg-transparent\">\n<div class=\"p-4 justify-center text-base md:gap-6 md:py-6 m-auto\">\n<div class=\"flex flex-1 gap-4 text-base mx-auto md:gap-6 md:max-w-2xl lg:max-w-[38rem] xl:max-w-3xl }\">\n<div class=\"relative flex w-[calc(100%-50px)] flex-col gap-1 md:gap-3 lg:w-[calc(100%-115px)]\">\n<div class=\"flex flex-grow flex-col gap-3 max-w-full\">\n<div class=\"min-h-[20px] flex flex-col items-start gap-3 overflow-x-auto whitespace-pre-wrap break-words\">\n<div class=\"markdown prose w-full break-words dark:prose-invert light\">\n<p>Ofer\u0103 biroului t\u0103u performan\u021be de scanare la volum \u00eenalt. HP Scan Premium te ajut\u0103 s\u0103 economise\u0219ti timp \u0219i s\u0103 capturezi cu \u00eencredere. Ob\u021bine viteze de scanare alb-negru de p\u00e2n\u0103 la 75 ppm\/150 ipm. Recomandat pentru 7.500 de pagini pe zi.<\/p>\n<\/div>\n<\/div>\n<\/div>\n<\/div>\n<\/div>\n<\/div>\n<\/div>\n","protected":false},"featured_media":3829,"template":"","meta":[],"etheme_brands":[{"term_id":53,"name":"HP","slug":"hp","term_group":0,"term_taxonomy_id":53,"taxonomy":"brand","description":"","parent":0,"count":67,"filter":"raw"}],"product_brand":[],"product_cat":[60],"product_tag":[],"class_list":{"0":"post-3723","1":"product","2":"type-product","3":"status-publish","4":"has-post-thumbnail","6":"brand-hp","7":"product_cat-scanner","9":"first","10":"instock","11":"purchasable","12":"product-type-variable"},"_links":{"self":[{"href":"https:\/\/www.atlas.ro\/en\/wp-json\/wp\/v2\/product\/3723","targetHints":{"allow":["GET"]}}],"collection":[{"href":"https:\/\/www.atlas.ro\/en\/wp-json\/wp\/v2\/product"}],"about":[{"href":"https:\/\/www.atlas.ro\/en\/wp-json\/wp\/v2\/types\/product"}],"wp:featuredmedia":[{"embeddable":true,"href":"https:\/\/www.atlas.ro\/en\/wp-json\/wp\/v2\/media\/3829"}],"wp:attachment":[{"href":"https:\/\/www.atlas.ro\/en\/wp-json\/wp\/v2\/media?parent=3723"}],"wp:term":[{"taxonomy":"brand","embeddable":true,"href":"https:\/\/www.atlas.ro\/en\/wp-json\/wp\/v2\/etheme_brands?post=3723"},{"taxonomy":"product_brand","embeddable":true,"href":"https:\/\/www.atlas.ro\/en\/wp-json\/wp\/v2\/product_brand?post=3723"},{"taxonomy":"product_cat","embeddable":true,"href":"https:\/\/www.atlas.ro\/en\/wp-json\/wp\/v2\/product_cat?post=3723"},{"taxonomy":"product_tag","embeddable":true,"href":"https:\/\/www.atlas.ro\/en\/wp-json\/wp\/v2\/product_tag?post=3723"}],"curies":[{"name":"wp","href":"https:\/\/api.w.org\/{rel}","templated":true}]}}