{"id":3722,"date":"2023-08-23T11:41:00","date_gmt":"2023-08-23T11:41:00","guid":{"rendered":"https:\/\/www.atlas.ro\/product\/hp-scanjet-enterprise-flow-5000-s5-scanner\/"},"modified":"2023-09-28T11:07:04","modified_gmt":"2023-09-28T11:07:04","slug":"hp-scanjet-enterprise-flow-5000-s5-scanner","status":"publish","type":"product","link":"https:\/\/www.atlas.ro\/en\/product\/hp-scanjet-enterprise-flow-5000-s5-scanner\/","title":{"rendered":"HP ScanJet Enterprise Flow 5000 s5 Scanner"},"content":{"rendered":"<ul>\n<li>Captureaz\u0103 documente \u00eentregi cu scanare duplex \u00eentr-o singur\u0103 trecere, p\u00e2n\u0103 la 130 ipm.<\/li>\n<li>Elibereaz\u0103 spa\u021biu pentru munc\u0103. Acest HP ScanJet este mic \u0219i sub\u021bire &#8211; un design modern perfect pentru birou.<\/li>\n<li>Captureaz\u0103 o gam\u0103 larg\u0103 de documente &#8211; chiar \u0219i stive de dimensiuni \u0219i tipuri diferite de medii &#8211; cu ajutorul func\u021biei HP EveryPage.<\/li>\n<li>\u00cencarc\u0103 p\u00e2n\u0103 la 80 de pagini \u00een alimentatorul automat pentru scanare rapid\u0103 \u0219i nesupravegheat\u0103.<\/li>\n<li>Identific\u0103 dispozitivele noi \u0219i ob\u021bine informa\u021bii despre scanare cu ajutorul func\u021biei de descoperire \u0219i monitorizare la distan\u021b\u0103 HP Web Jetadmin.<\/li>\n<li>Simplific\u0103 modul \u00een care scanezi documente de dimensiune A3 &#8211; nu este nevoie de o foaie suport.<\/li>\n<li>Scaneaz\u0103 imagini direct \u00een aplica\u021bii cu ajutorul interfe\u021belor TWAIN \u0219i ISIS\u00ae incluse \u0219i complete.<\/li>\n<li>Transfer\u0103 cu u\u0219urin\u021b\u0103 scan\u0103rile \u00een text editabil, \u00een fi\u0219iere PDF c\u0103utabile \u0219i \u00een alte tipuri de fi\u0219iere, utiliz\u00e2nd func\u021bia OCR \u00eencorporat\u0103.<\/li>\n<li>Economise\u0219te timp \u0219i simplific\u0103 sarcinile de scanare complexe cu HP Scan Premium.<\/li>\n<li>Creeaz\u0103 set\u0103ri de scanare cu un singur buton pentru sarcini recurente \u0219i f\u0103 selec\u021bii folosind panoul de control LCD.<\/li>\n<li>Captureaz\u0103 \u0219i organizeaz\u0103 documente, c\u0103r\u021bi de vizit\u0103 \u0219i alte tipuri de fi\u0219iere cu ajutorul software-ului bogat \u00een func\u021bionalit\u0103\u021bi.<\/li>\n<\/ul>","protected":false},"excerpt":{"rendered":"<p>Ofer\u0103 biroului t\u0103u vitez\u0103 de scanare puternic\u0103 \u0219i precizie. Software-ul \u00eencorporat \u0219i alimentatorul automat de documente pentru 80 de pagini te ajut\u0103 s\u0103 economise\u0219ti timp. Scaneaz\u0103 cu p\u00e2n\u0103 la 65 ppm\/130 ipm. Recomandat pentru 7.500 de pagini pe zi.<\/p>","protected":false},"featured_media":3828,"template":"","meta":[],"etheme_brands":[{"term_id":53,"name":"HP","slug":"hp","term_group":0,"term_taxonomy_id":53,"taxonomy":"brand","description":"","parent":0,"count":67,"filter":"raw"}],"product_brand":[],"product_cat":[60],"product_tag":[],"class_list":{"0":"post-3722","1":"product","2":"type-product","3":"status-publish","4":"has-post-thumbnail","6":"brand-hp","7":"product_cat-scanner","9":"first","10":"instock","11":"purchasable","12":"product-type-variable"},"_links":{"self":[{"href":"https:\/\/www.atlas.ro\/en\/wp-json\/wp\/v2\/product\/3722","targetHints":{"allow":["GET"]}}],"collection":[{"href":"https:\/\/www.atlas.ro\/en\/wp-json\/wp\/v2\/product"}],"about":[{"href":"https:\/\/www.atlas.ro\/en\/wp-json\/wp\/v2\/types\/product"}],"wp:featuredmedia":[{"embeddable":true,"href":"https:\/\/www.atlas.ro\/en\/wp-json\/wp\/v2\/media\/3828"}],"wp:attachment":[{"href":"https:\/\/www.atlas.ro\/en\/wp-json\/wp\/v2\/media?parent=3722"}],"wp:term":[{"taxonomy":"brand","embeddable":true,"href":"https:\/\/www.atlas.ro\/en\/wp-json\/wp\/v2\/etheme_brands?post=3722"},{"taxonomy":"product_brand","embeddable":true,"href":"https:\/\/www.atlas.ro\/en\/wp-json\/wp\/v2\/product_brand?post=3722"},{"taxonomy":"product_cat","embeddable":true,"href":"https:\/\/www.atlas.ro\/en\/wp-json\/wp\/v2\/product_cat?post=3722"},{"taxonomy":"product_tag","embeddable":true,"href":"https:\/\/www.atlas.ro\/en\/wp-json\/wp\/v2\/product_tag?post=3722"}],"curies":[{"name":"wp","href":"https:\/\/api.w.org\/{rel}","templated":true}]}}