{"id":3721,"date":"2023-08-23T11:41:00","date_gmt":"2023-08-23T11:41:00","guid":{"rendered":"https:\/\/www.atlas.ro\/product\/hp-scanjet-pro-n4000-snw1-scanner\/"},"modified":"2023-09-28T11:08:23","modified_gmt":"2023-09-28T11:08:23","slug":"hp-scanjet-pro-n4000-snw1-scanner","status":"publish","type":"product","link":"https:\/\/www.atlas.ro\/en\/product\/hp-scanjet-pro-n4000-snw1-scanner\/","title":{"rendered":"HP ScanJet Pro N4000 snw1 Scanner"},"content":{"rendered":"<div title=\"Page 1\" class=\"page\">\n<div class=\"section\">\n<div class=\"layoutArea\">\n<div class=\"column\">\n<h3>Scanare rapida\u0306. Rezultate superbe. Fiecare pagina\u0306.<\/h3>\n<ul>\n<li>Produci scana\u0306ri de pa\u0302na\u0306 la 40 ppm\/80 ipm1 cu scanarea fat\u0327a\u0306-verso care capteaza\u0306 ambele fet\u0327e i\u0302n acelas\u0327i timp.<\/li>\n<li>Wi-Fi Direct permite scanarea de la un dispozitiv mobil wireless, fa\u0306ra\u0306 a necesita o conexiune la ret\u0327ea sau la internet.<\/li>\n<li>Captezi us\u0327or fiecare pagina\u0306 \u2013 chiar s\u0327i teancuri de suporturi combinate \u2013 cu HP EveryPage s\u0327i un senzor ultrasonic.<\/li>\n<li>Conteaza\u0306 pe acest scaner de fiecare data\u0306 \u2013 recomandat pentru pa\u0302na\u0306 la 4.000 de pagini pe zi.<\/li>\n<\/ul>\n<p>&nbsp;<\/p>\n<h3>Optimizezi fluxurile de lucru cu scanare printr-o atingere<\/h3>\n<ul>\n<li>Eficientizezi lucra\u0306rile de rutina\u0306 cu scanarea printr-o atingere \u2013 creezi seta\u0306ri pentru un buton, particularizate pentru lucra\u0306rile recurente.<\/li>\n<li>Scanat\u0327i imaginile direct i\u0302n aplicat\u0327ii, cu interfet\u0327ele complete TWAIN s\u0327i ISIS\u00ae, care sunt incluse.<\/li>\n<li>Transferi simplu scana\u0306rile i\u0302n text editabil, i\u0302n fis\u0327iere PDF i\u0302n care se poate ca\u0306uta s\u0327i i\u0302n alte tipuri de fis\u0327iere, cu funct\u0327ia OCR i\u0302ncorporata\u0306.<\/li>\n<li>Partajezi sau arhivezi rapid scana\u0306rile, direct ca\u0306tre destinat\u0327ii cunoscute din cloud, cu software-ul HP Scan.<\/li>\n<\/ul>\n<p>&nbsp;<\/p>\n<h3>Captezi documentele de afaceri ca un profesionist<\/h3>\n<ul>\n<li>Fa\u0306 fat\u0327a\u0306 activita\u0306t\u0327ilor rapid s\u0327i us\u0327or \u2013 utiliza\u0302nd ecranul tactil color simplu, de 7,1 cm.<\/li>\n<li>Defines\u0326ti profiluri de scanare pentru tipurile de documente obis\u0327nuite s\u0327i scanezi ca\u0306tre mai multe destinat\u0327ii cu software-ul HP Scan.<\/li>\n<li>Captezi s\u0327i organizezi documente, ca\u0306rt\u0327i de vizita\u0306 s\u0327i alte tipuri de fis\u0327iere cu software-ul complex.<\/li>\n<li>Produci scana\u0306ri clare, lizibile, la o rezolut\u0327ie de pa\u0302na\u0306 la 1.200 dpi.<\/li>\n<\/ul>\n<\/div>\n<\/div>\n<\/div>\n<\/div>","protected":false},"excerpt":{"rendered":"<p>Rapid, accesibil \u015fi conceput pentru a gestiona orice, de la lucr\u0103ri simple color p\u00e2n\u0103 la fluxuri de lucru complexe. Digitalizezi rapid \u015fi fiabil proiectele mai mari cu viteze de scanare de p\u00e2n\u0103 la 40 ppm\/80 ipm \u015fi un ADF de 50 de pagini. Recomandat pentru 4.000 de pagini pe zi.<\/p>","protected":false},"featured_media":3826,"template":"","meta":[],"etheme_brands":[{"term_id":53,"name":"HP","slug":"hp","term_group":0,"term_taxonomy_id":53,"taxonomy":"brand","description":"","parent":0,"count":67,"filter":"raw"}],"product_brand":[],"product_cat":[60],"product_tag":[],"class_list":{"0":"post-3721","1":"product","2":"type-product","3":"status-publish","4":"has-post-thumbnail","6":"brand-hp","7":"product_cat-scanner","9":"first","10":"instock","11":"purchasable","12":"product-type-variable"},"_links":{"self":[{"href":"https:\/\/www.atlas.ro\/en\/wp-json\/wp\/v2\/product\/3721","targetHints":{"allow":["GET"]}}],"collection":[{"href":"https:\/\/www.atlas.ro\/en\/wp-json\/wp\/v2\/product"}],"about":[{"href":"https:\/\/www.atlas.ro\/en\/wp-json\/wp\/v2\/types\/product"}],"wp:featuredmedia":[{"embeddable":true,"href":"https:\/\/www.atlas.ro\/en\/wp-json\/wp\/v2\/media\/3826"}],"wp:attachment":[{"href":"https:\/\/www.atlas.ro\/en\/wp-json\/wp\/v2\/media?parent=3721"}],"wp:term":[{"taxonomy":"brand","embeddable":true,"href":"https:\/\/www.atlas.ro\/en\/wp-json\/wp\/v2\/etheme_brands?post=3721"},{"taxonomy":"product_brand","embeddable":true,"href":"https:\/\/www.atlas.ro\/en\/wp-json\/wp\/v2\/product_brand?post=3721"},{"taxonomy":"product_cat","embeddable":true,"href":"https:\/\/www.atlas.ro\/en\/wp-json\/wp\/v2\/product_cat?post=3721"},{"taxonomy":"product_tag","embeddable":true,"href":"https:\/\/www.atlas.ro\/en\/wp-json\/wp\/v2\/product_tag?post=3721"}],"curies":[{"name":"wp","href":"https:\/\/api.w.org\/{rel}","templated":true}]}}