{"id":3719,"date":"2023-08-23T11:41:00","date_gmt":"2023-08-23T11:41:00","guid":{"rendered":"https:\/\/www.atlas.ro\/product\/hp-scanjet-pro-2000-s2-scanner\/"},"modified":"2023-09-28T11:08:23","modified_gmt":"2023-09-28T11:08:23","slug":"hp-scanjet-pro-2000-s2-scanner","status":"publish","type":"product","link":"https:\/\/www.atlas.ro\/en\/product\/hp-scanjet-pro-2000-s2-scanner\/","title":{"rendered":"HP ScanJet Pro 2000 s2 Scanner"},"content":{"rendered":"<h3>M\u0103rime mic\u0103. Scan\u0103ri rapide. Acelea\u0219i rezultate fiabile<\/h3>\n<ul>\n<li>Realizeaz\u0103 scan\u0103ri cu viteze de p\u00e2n\u0103 la 35 ppm\/70 ipm1, cu scanare bilateral\u0103 care captureaz\u0103 ambele fe\u021be simultan.<\/li>\n<li>Elibereaz\u0103 spa\u021biu pentru lucru. Acest HP ScanJet Pro este mic \u0219i sub\u021bire &#8211; un design modern perfect pentru birou.<\/li>\n<li>Nu a\u0219tepta \u00eenc\u0103lzirea &#8211; Scanarea instantanee HP \u00ee\u021bi permite s\u0103 \u00eencepi scanarea rapid.<\/li>\n<li>\u00cencarc\u0103 p\u00e2n\u0103 la 50 de pagini \u00een alimentatorul automat de documente pentru scanare rapid\u0103 \u0219i nesupravegheat\u0103.<\/li>\n<\/ul>\n<p>&nbsp;<\/p>\n<h3>Optimizeaz\u0103 fluxurile de lucru cu scanare cu o singur\u0103 atingere<\/h3>\n<ul>\n<li>Eficientizeaz\u0103 munca de rutin\u0103 cu scanare la atingere &#8211; creeaz\u0103 set\u0103ri personalizate cu un singur buton pentru sarcinile de scanare recurente.<\/li>\n<li>Scaneaz\u0103 imagini direct \u00een aplica\u021bii cu interfe\u021bele TWAIN \u0219i ISIS\u00ae incluse \u0219i complete.<\/li>\n<li>Transfer\u0103 cu u\u0219urin\u021b\u0103 scan\u0103rile \u00een text editabil, \u00een fi\u0219iere PDF c\u0103utabile \u0219i \u00een alte tipuri de fi\u0219iere, utiliz\u00e2nd OCR-ul \u00eencorporat.<\/li>\n<li>Partajeaz\u0103 sau arhiveaz\u0103 rapid scan\u0103rile direct c\u0103tre destina\u021biile populare de cloud cu software-ul HP Scan.<\/li>\n<\/ul>\n<p>&nbsp;<\/p>\n<h3>Captur\u0103 documente de afaceri ca un profesionist<\/h3>\n<ul>\n<li>Define\u0219te profile de scanare pentru tipuri comune de documente \u0219i scaneaz\u0103 c\u0103tre mai multe destina\u021bii cu software-ul HP Scan.<\/li>\n<li>Captureaz\u0103 \u0219i organizeaz\u0103 documente, c\u0103r\u021bi de vizit\u0103 \u0219i alte tipuri de fi\u0219iere cu software bogat \u00een func\u021bionalit\u0103\u021bi.<\/li>\n<li>Produce scan\u0103ri clare \u0219i lizibile &#8211; cu o rezolu\u021bie de p\u00e2n\u0103 la 1200 dpi.<\/li>\n<\/ul>","protected":false},"excerpt":{"rendered":"<p>Rapid, accesibil \u0219i conceput pentru a gestiona totul, de la lucr\u0103ri simple color p\u00e2n\u0103 la fluxuri de lucru complexe. Digitalizeaz\u0103 proiecte mai mari \u00een mod rapid \u0219i fiabil, cu viteze de scanare de p\u00e2n\u0103 la 35 ppm\/70 ipm \u0219i un alimentator automat de documente de 50 de pagini. Recomandat pentru 3.500 de pagini pe zi.<\/p>","protected":false},"featured_media":3824,"template":"","meta":[],"etheme_brands":[{"term_id":53,"name":"HP","slug":"hp","term_group":0,"term_taxonomy_id":53,"taxonomy":"brand","description":"","parent":0,"count":67,"filter":"raw"}],"product_brand":[],"product_cat":[60],"product_tag":[],"class_list":{"0":"post-3719","1":"product","2":"type-product","3":"status-publish","4":"has-post-thumbnail","6":"brand-hp","7":"product_cat-scanner","9":"first","10":"instock","11":"purchasable","12":"product-type-variable"},"_links":{"self":[{"href":"https:\/\/www.atlas.ro\/en\/wp-json\/wp\/v2\/product\/3719","targetHints":{"allow":["GET"]}}],"collection":[{"href":"https:\/\/www.atlas.ro\/en\/wp-json\/wp\/v2\/product"}],"about":[{"href":"https:\/\/www.atlas.ro\/en\/wp-json\/wp\/v2\/types\/product"}],"wp:featuredmedia":[{"embeddable":true,"href":"https:\/\/www.atlas.ro\/en\/wp-json\/wp\/v2\/media\/3824"}],"wp:attachment":[{"href":"https:\/\/www.atlas.ro\/en\/wp-json\/wp\/v2\/media?parent=3719"}],"wp:term":[{"taxonomy":"brand","embeddable":true,"href":"https:\/\/www.atlas.ro\/en\/wp-json\/wp\/v2\/etheme_brands?post=3719"},{"taxonomy":"product_brand","embeddable":true,"href":"https:\/\/www.atlas.ro\/en\/wp-json\/wp\/v2\/product_brand?post=3719"},{"taxonomy":"product_cat","embeddable":true,"href":"https:\/\/www.atlas.ro\/en\/wp-json\/wp\/v2\/product_cat?post=3719"},{"taxonomy":"product_tag","embeddable":true,"href":"https:\/\/www.atlas.ro\/en\/wp-json\/wp\/v2\/product_tag?post=3719"}],"curies":[{"name":"wp","href":"https:\/\/api.w.org\/{rel}","templated":true}]}}