{"id":3717,"date":"2023-08-23T11:41:00","date_gmt":"2023-08-23T11:41:00","guid":{"rendered":"https:\/\/www.atlas.ro\/product\/hp-scanjet-pro-n4600-fnw1-scanner\/"},"modified":"2023-09-28T11:10:59","modified_gmt":"2023-09-28T11:10:59","slug":"hp-scanjet-pro-n4600-fnw1-scanner","status":"publish","type":"product","link":"https:\/\/www.atlas.ro\/en\/product\/hp-scanjet-pro-n4600-fnw1-scanner\/","title":{"rendered":"HP ScanJet Pro N4600 fnw1 Scanner"},"content":{"rendered":"<h3>Productivitate pentru lucrul \u00een echip\u0103.<\/h3>\n<ul>\n<li>Scanezi p\u00e2n\u0103 la 80 de imagini (40 de pagini) fa\u021b\u0103-verso pe minut, la o singur\u0103 trecere, cu ajutorul alimentatorului automat pentru documente cu 100 de pagini.<\/li>\n<li>Optimizezi fluxurile de lucru ale documentelor. Scanezi direct c\u0103tre e-mail, folderele din re\u021bea sau PC, prin intermediul conexiunii Ethernet sau Wi-Fi.<\/li>\n<li>Nu a\u0219tepta\u021bi \u00eenc\u0103lzirea \u2013 tehnologia Instant-on \u00ee\u021bi permite s\u0103 \u00eencepi rapid scanarea.2<\/li>\n<li>Po\u021bi amplasa scanerul exact acolo unde se desf\u0103\u0219oar\u0103 activitatea. Av\u00e2nd un design compact, acesta poate fi amplasat pe orice birou.<\/li>\n<\/ul>\n<h3>\nU\u0219or de utilizat.<\/h3>\n<ul>\n<li>Scanezi o gam\u0103 larg\u0103 de documente inclusiv c\u0103r\u021bi, reviste \u0219i documente de identitate din ADF sau de pe scanerul plat format Legal.<\/li>\n<li>Conectezi \u0219i scanezi direct c\u0103tre un dispozitiv de stocare utiliz\u00e2nd conectorul USB \u00eencorporat.<\/li>\n<li>Simplifici procesele cu ajutorul fluxurilor de lucru preconfigurate \u0219i al instrumentelor puternice de editare oferite de software-ul HP Scan Pro.<\/li>\n<li>Scanezi direct \u00een aplica\u021bii pentru documente folosind suportul complet oferit de HP pentru WIA, ISIS \u0219i TWAIN.<\/li>\n<\/ul>\n<h3><\/h3>\n<h3>\u00cencredere pentru lucrul \u00een echip\u0103.<\/h3>\n<ul>\n<li>Capturezi fiecare pagin\u0103 cu u\u0219urin\u021b\u0103, iar tehnologia HP EveryPage folose\u0219te senzorul cu ultrasunete pentru a separa paginile din ADF.<\/li>\n<li>Creat pentru a asigura productivitatea lucrului \u00een echip\u0103, cu volume zilnice mari de scanare de p\u00e2n\u0103 la 6.000 de pagini pe zi.<\/li>\n<li>Bazeaz\u0103-te pe scanarea automat\u0103 din alimentatorul pentru documente cu 100 de pagini, cu scanare fa\u021b\u0103-verso la o singur\u0103 trecere.<\/li>\n<li>Beneficiezi de scanarea clar\u0103 \u0219i realist\u0103 a documentelor, imaginilor \u0219i fotografiilor, cu o rezolu\u021bie de p\u00e2n\u0103 la 1200 dpi.<\/li>\n<\/ul>\n<h3><\/h3>\n<h3>Securitate puternic\u0103.<\/h3>\n<ul>\n<li>Securizat prin validarea autenticit\u0103\u021bii codului HP original de \u00eenc\u0103rcare, ce \u00eempiedic\u0103 pornirea \u00een cazul \u00een care codul a fost modificat.<\/li>\n<li>Actualiz\u0103rile firmware-ului se fac f\u0103r\u0103 probleme, validate \u0219i certificate. Este \u00eenc\u0103rcat doar codul HP autentic.<\/li>\n<\/ul>","protected":false},"excerpt":{"rendered":"<p>M\u0103re\u0219ti productivitatea activit\u0103\u021bilor de scanare profesionale cu HP ScanJet Pro, rapid, fiabil, conectat la re\u021bea \u0219i conceput pentru scanarea a p\u00e2n\u0103 la 6.000 de pagini zilnic. Automatizezi fluxurle de lucru cu ajutorul comenzilor \u0219i scan\u0103rii rapide, fa\u021b\u0103-verso din alimentatorul automat pentru documente.<\/p>","protected":false},"featured_media":3833,"template":"","meta":[],"etheme_brands":[{"term_id":53,"name":"HP","slug":"hp","term_group":0,"term_taxonomy_id":53,"taxonomy":"brand","description":"","parent":0,"count":67,"filter":"raw"}],"product_brand":[],"product_cat":[60],"product_tag":[],"class_list":{"0":"post-3717","1":"product","2":"type-product","3":"status-publish","4":"has-post-thumbnail","6":"brand-hp","7":"product_cat-scanner","9":"first","10":"instock","11":"purchasable","12":"product-type-variable"},"_links":{"self":[{"href":"https:\/\/www.atlas.ro\/en\/wp-json\/wp\/v2\/product\/3717","targetHints":{"allow":["GET"]}}],"collection":[{"href":"https:\/\/www.atlas.ro\/en\/wp-json\/wp\/v2\/product"}],"about":[{"href":"https:\/\/www.atlas.ro\/en\/wp-json\/wp\/v2\/types\/product"}],"wp:featuredmedia":[{"embeddable":true,"href":"https:\/\/www.atlas.ro\/en\/wp-json\/wp\/v2\/media\/3833"}],"wp:attachment":[{"href":"https:\/\/www.atlas.ro\/en\/wp-json\/wp\/v2\/media?parent=3717"}],"wp:term":[{"taxonomy":"brand","embeddable":true,"href":"https:\/\/www.atlas.ro\/en\/wp-json\/wp\/v2\/etheme_brands?post=3717"},{"taxonomy":"product_brand","embeddable":true,"href":"https:\/\/www.atlas.ro\/en\/wp-json\/wp\/v2\/product_brand?post=3717"},{"taxonomy":"product_cat","embeddable":true,"href":"https:\/\/www.atlas.ro\/en\/wp-json\/wp\/v2\/product_cat?post=3717"},{"taxonomy":"product_tag","embeddable":true,"href":"https:\/\/www.atlas.ro\/en\/wp-json\/wp\/v2\/product_tag?post=3717"}],"curies":[{"name":"wp","href":"https:\/\/api.w.org\/{rel}","templated":true}]}}