{"id":3714,"date":"2023-08-23T11:40:00","date_gmt":"2023-08-23T11:40:00","guid":{"rendered":"https:\/\/www.atlas.ro\/product\/hp-laserjet-mgd-mfp-e826dn-printer\/"},"modified":"2023-09-28T08:52:09","modified_gmt":"2023-09-28T08:52:09","slug":"hp-laserjet-mgd-mfp-e826dn-printer","status":"publish","type":"product","link":"https:\/\/www.atlas.ro\/en\/product\/hp-laserjet-mgd-mfp-e826dn-printer\/","title":{"rendered":"HP LaserJet Mgd MFP E826dn Printer"},"content":{"rendered":"<h3>Elibereaz\u0103-\u021bi productivitatea maxim\u0103.<\/h3>\n<p>&nbsp;<\/p>\n<ul>\n<li>Abordeaz\u0103 orice cu procesorul nostru puternic.<\/li>\n<li>Maximiza\u021bi productivitatea \u0219i \u00eembun\u0103t\u0103\u021bi\u021bi performan\u021ba general\u0103 de imprimare prin copiere, scanare \u0219i imprimare de documente de toate dimensiunile la aproape toat\u0103 viteza maxim\u0103.<\/li>\n<li>Recupereaz\u0103 timpul cu viteze de imprimare de v\u00e2rf \u00een industrie de p\u00e2n\u0103 la 70 ppm.<\/li>\n<li>Activeaz\u0103 cu u\u0219urin\u021b\u0103 fluxurile de lucru \u00een toat\u0103 flota ta cu o experien\u021b\u0103 de utilizare consecvent\u0103 \u0219i pictograme intuitive, asem\u0103n\u0103toare tabletelor, pe ecranul tactil color de 10.1 inchi (25.65 cm).<\/li>\n<li>Men\u021bine productivitatea \u0219i fii la curent cu cele mai recente func\u021bionalit\u0103\u021bi din \u00eentreaga flot\u0103 cu firmware-ul HP FutureSmart actualizabil.<\/li>\n<\/ul>\n<p>&nbsp;<\/p>\n<h3>Solu\u021bii personalizabile construite pentru a dura<\/h3>\n<ul>\n<li>Faciliteaz\u0103-\u021bi ziua cu zi personaliz\u00e2ndu-\u021bi experien\u021ba de imprimare cu aplica\u021biile HP Workpath conectate la cloud care \u00ee\u021bi permit s\u0103 accesezi con\u021binut personalizat \u0219i s\u0103 integrezi fluxuri de lucru pe h\u00e2rtie \u0219i digitale.<\/li>\n<li>Elibereaz\u0103-\u021bi creativitatea \u0219i potrive\u0219te orice decor de birou cu designuri moderne \u0219i op\u021biunea de cinci panouri de culoare personalizabile.<\/li>\n<li>Ofer\u0103-\u021bi echipei tot ceea ce au nevoie pentru a reu\u0219i cu Platforma de Extensibilitate Deschis\u0103 HP care con\u021bine sute de solu\u021bii HP \u0219i de la ter\u021bi, precum \u0219i suport pentru cititoare de carduri.<\/li>\n<\/ul>\n<p>&nbsp;<\/p>\n<h3>\u00centotdeauna \u00een gard\u0103 cu Securitatea HP Wolf<\/h3>\n<ul>\n<li>Cu HP Sure Start care lucreaz\u0103 mereu \u00een culise, codul de operare (BIOS) este verificat automat \u00een timpul pornirii \u0219i se repar\u0103 dac\u0103 este compromis.<\/li>\n<li>Conexiunile de re\u021bea de ie\u0219ire ale imprimantei sunt inspectate pentru a opri cererile suspecte \u0219i a \u00eempiedica malware-ul s\u0103 poat\u0103 ac\u021biona astfel \u00eenc\u00e2t s\u0103 po\u021bi r\u0103m\u00e2ne conectat \u0219i \u00een siguran\u021b\u0103.<\/li>\n<li>Detectarea intruziunilor \u00een timpul rul\u0103rii este mereu \u00een alert\u0103.<\/li>\n<li>Certificat\u0103 Common Criteria pentru a monitoriza \u00een mod continuu activitatea de memorie pentru a te men\u021bine \u00een siguran\u021b\u0103, detect\u00e2nd \u0219i oprind atacurile \u00een timp real.<\/li>\n<li>HP Memory ShieldTM este o func\u021bionalitate de securitate \u00eencorporat\u0103 care ajut\u0103 la prevenirea unei largi variet\u0103\u021bi de atacuri malware de la redirec\u021bionarea fluxului de execu\u021bie al unui program.<\/li>\n<\/ul>\n<h3><\/h3>\n<h3>Imprimare mai bun\u0103, pentru un planet\u0103 mai bun\u0103<\/h3>\n<ul>\n<li>Ambalajul pe baz\u0103 de fibr\u0103, inclusiv cutia exterioar\u0103 \u0219i pernele interioare din fibr\u0103, pentru acest produs provine \u00een totalitate din surse durabile, ceea ce \u00eenseamn\u0103 c\u0103 este realizat din con\u021binut reciclat sau certificat.<\/li>\n<li>Dispozitivele noastre sunt create av\u00e2nd \u00een minte planeta, cu imprimare eficient\u0103 din punct de vedere energetic \u0219i cartu\u0219e de toner realizate din peste 57% plastic reciclat.<\/li>\n<li>Designurile noastre \u00eembun\u0103t\u0103\u021bite din punct de vedere al eficien\u021bei energetice \u00eendeplinesc criteriile riguroase ale EPEAT Gold, Energy Star \u0219i Blue Angel.<\/li>\n<li>Cu formule care respect\u0103 standardele actuale privind calitatea aerului interior, tonerul nostru cu topire ultra-redus\u0103 este eficient at\u00e2t pentru imprimare, c\u00e2t \u0219i pentru planet\u0103.<\/li>\n<\/ul>","protected":false},"excerpt":{"rendered":"<p>Puternic. Flexibil. Sigur.<\/p>\n<p>Schimbarea este singura constant\u0103 \u00een afaceri. Transform\u0103-\u021bi afacerea cu o imprimant\u0103 care poate fi actualizat\u0103 \u00een timp pentru a-\u021bi extinde capacit\u0103\u021bile. Cu cele mai sigure imprimante HP, vei r\u0103m\u00e2ne \u00een siguran\u021b\u0103 \u0219i vei simplifica gestionarea flotei pentru profesioni\u0219tii IT ocupa\u021bi.<\/p>","protected":false},"featured_media":3917,"template":"","meta":[],"etheme_brands":[{"term_id":53,"name":"HP","slug":"hp","term_group":0,"term_taxonomy_id":53,"taxonomy":"brand","description":"","parent":0,"count":67,"filter":"raw"}],"product_brand":[],"product_cat":[57],"product_tag":[],"class_list":{"0":"post-3714","1":"product","2":"type-product","3":"status-publish","4":"has-post-thumbnail","6":"brand-hp","7":"product_cat-printer","9":"first","10":"instock","11":"purchasable","12":"product-type-variable"},"_links":{"self":[{"href":"https:\/\/www.atlas.ro\/en\/wp-json\/wp\/v2\/product\/3714","targetHints":{"allow":["GET"]}}],"collection":[{"href":"https:\/\/www.atlas.ro\/en\/wp-json\/wp\/v2\/product"}],"about":[{"href":"https:\/\/www.atlas.ro\/en\/wp-json\/wp\/v2\/types\/product"}],"wp:featuredmedia":[{"embeddable":true,"href":"https:\/\/www.atlas.ro\/en\/wp-json\/wp\/v2\/media\/3917"}],"wp:attachment":[{"href":"https:\/\/www.atlas.ro\/en\/wp-json\/wp\/v2\/media?parent=3714"}],"wp:term":[{"taxonomy":"brand","embeddable":true,"href":"https:\/\/www.atlas.ro\/en\/wp-json\/wp\/v2\/etheme_brands?post=3714"},{"taxonomy":"product_brand","embeddable":true,"href":"https:\/\/www.atlas.ro\/en\/wp-json\/wp\/v2\/product_brand?post=3714"},{"taxonomy":"product_cat","embeddable":true,"href":"https:\/\/www.atlas.ro\/en\/wp-json\/wp\/v2\/product_cat?post=3714"},{"taxonomy":"product_tag","embeddable":true,"href":"https:\/\/www.atlas.ro\/en\/wp-json\/wp\/v2\/product_tag?post=3714"}],"curies":[{"name":"wp","href":"https:\/\/api.w.org\/{rel}","templated":true}]}}