{"id":3712,"date":"2023-08-23T11:40:00","date_gmt":"2023-08-23T11:40:00","guid":{"rendered":"https:\/\/www.atlas.ro\/product\/hp-color-laserjet-mgd-mfp-e877dn-printer\/"},"modified":"2023-09-28T08:50:49","modified_gmt":"2023-09-28T08:50:49","slug":"hp-color-laserjet-mgd-mfp-e877dn-printer","status":"publish","type":"product","link":"https:\/\/www.atlas.ro\/en\/product\/hp-color-laserjet-mgd-mfp-e877dn-printer\/","title":{"rendered":"HP Color LaserJet Mgd MFP E877dn Printer"},"content":{"rendered":"<h3>Elibereaz\u0103-\u021bi productivitatea la cote maxime.<\/h3>\n<ul>\n<li>Abordeaz\u0103 orice cu procesorul nostru puternic.<\/li>\n<li>Maximiza\u021bi productivitatea \u0219i \u00eembun\u0103t\u0103\u021bi\u021bi performan\u021ba general\u0103 de imprimare prin copierea, scanarea \u0219i imprimarea documentelor de toate dimensiunile la aproape vitez\u0103 maxim\u0103.<\/li>\n<li>Recupereaz\u0103 timpul cu viteze de imprimare de v\u00e2rf \u00een industrie de p\u00e2n\u0103 la 70 ppm.<\/li>\n<li>Activeaz\u0103 cu u\u0219urin\u021b\u0103 fluxuri de lucru \u00een \u00eentregul parc de echipamente cu o experien\u021b\u0103 consistent\u0103 pentru utilizator \u0219i pictograme intuitive, asem\u0103n\u0103toare tabletelor, pe afi\u0219ajul tactil color de 10,1 inch.<\/li>\n<li>Men\u021bine\u021bi productivitatea \u0219i r\u0103m\u00e2ne\u021bi la curent cu cele mai recente func\u021bionalit\u0103\u021bi \u00een \u00eentregul parc de echipamente cu firmware-ul HP FutureSmart actualizabil.<\/li>\n<\/ul>\n<p>&nbsp;<\/p>\n<h3>Solu\u021bii personalizabile construite pentru durabilitate.<\/h3>\n<ul>\n<li>Faciliteaz\u0103-\u021bi ziua cu zi prin personalizarea experien\u021bei tale de imprimare cu aplica\u021biile HP Workpath conectate la cloud, care \u00ee\u021bi permit s\u0103 accesezi con\u021binut personalizat \u0219i s\u0103 integrezi fluxuri de lucru pe h\u00e2rtie \u0219i digitale.<\/li>\n<li>Elibereaz\u0103-\u021bi creativitatea \u0219i potrive\u0219te-te oric\u0103rui decor de birou cu designuri moderne \u0219i op\u021biunea de cinci panouri de culoare personalizabile.<\/li>\n<li>Ofer\u0103 echipei tale tot ceea ce au nevoie pentru a reu\u0219i cu Platforma de Extensibilitate Deschis\u0103 HP care con\u021bine sute de solu\u021bii HP \u0219i de la ter\u021bi, precum \u0219i suport pentru cititoare de carduri.<\/li>\n<li>Facilitarea managementului culorii devine simpl\u0103 \u0219i f\u0103r\u0103 cusur cu HP Custom Color Manager.<\/li>\n<li>Potrive\u0219te ie\u0219irea color a oric\u0103rui document\/dispozitiv f\u0103r\u0103 complexitatea costisitoare a sistemelor de potrivire a culorilor.<\/li>\n<\/ul>\n<p>&nbsp;<\/p>\n<h3>\u00centotdeauna \u00een gard\u0103 cu Securitatea HP Wolf<\/h3>\n<ul>\n<li>Cu HP Sure Start care lucreaz\u0103 mereu \u00een culise, codul de operare (BIOS) este verificat automat \u00een timpul pornirii \u0219i se repar\u0103 singur \u00een caz de compromitere.<\/li>\n<li>Conexiunile de re\u021bea de ie\u0219ire ale imprimantei sunt inspectate pentru a opri cererile suspecte \u0219i a \u00eempiedica malware-ul, astfel \u00eenc\u00e2t s\u0103 po\u021bi r\u0103m\u00e2ne conectat \u00een siguran\u021b\u0103.<\/li>\n<li>Detectarea intruziunilor \u00een timpul rul\u0103rii este mereu vigilent\u0103.<\/li>\n<li>Certificat\u0103 conform criteriilor comune pentru a monitoriza \u00een mod continuu activitatea memoriei \u0219i a te men\u021bine \u00een siguran\u021b\u0103, detect\u00e2nd \u0219i oprind atacurile \u00een timp real.<\/li>\n<li>HP Memory ShieldTM cu monitorizare activ\u0103 a sistemului este o caracteristic\u0103 de securitate \u00eenglobat\u0103 care ajut\u0103 la prevenirea unei largi variet\u0103\u021bi de atacuri malware care \u00eencearc\u0103 s\u0103 redirec\u021bioneze fluxul de execu\u021bie al unui program.<\/li>\n<\/ul>\n<p>&nbsp;<\/p>\n<h3>Imprimare mai bun\u0103, pentru o planet\u0103 mai bun\u0103<\/h3>\n<ul>\n<li>Ambalajul pe baz\u0103 de fibre, inclusiv cutia exterioar\u0103 \u0219i pernele interioare din fibre, pentru acest produs provine \u00een propor\u021bie de 100% din surse sustenabile, ceea ce \u00eenseamn\u0103 c\u0103 este realizat din materiale reciclate sau certificate.<\/li>\n<li>Dispozitivele noastre sunt create cu g\u00e2ndul la planet\u0103, av\u00e2nd imprimare eficient\u0103 din punct de vedere energetic \u0219i cartu\u0219e de toner realizate din peste 57% plastic reciclat.<\/li>\n<li>Imprimare care pune planeta pe primul loc.<\/li>\n<li>Designurile noastre \u00eembun\u0103t\u0103\u021bite din punct de vedere al eficien\u021bei energetice \u00eendeplinesc criteriile riguroase ale standardelor EPEAT Gold, Energy Star \u0219i Blue Angel.<\/li>\n<li>Cu formule care respect\u0103 standardele actuale privind calitatea aerului interior, tonerul nostru cu topire ultra-sc\u0103zut\u0103 este eficient at\u00e2t pentru imprimare, c\u00e2t \u0219i pentru planet\u0103.<\/li>\n<\/ul>","protected":false},"excerpt":{"rendered":"<p>Puternic. Flexibil. Sigur.<\/p>\n<p>Schimbarea este singura constant\u0103 \u00een afaceri. Avanseaz\u0103 \u00een afacerea ta cu o imprimant\u0103 care poate fi modernizat\u0103 \u00een timp pentru a-\u021bi extinde capacit\u0103\u021bile. Cu cele mai sigure imprimante HP, vei r\u0103m\u00e2ne \u00een siguran\u021b\u0103 \u0219i vei simplifica gestionarea flotei pentru profesioni\u0219tii IT ocupa\u021bi.<\/p>","protected":false},"featured_media":3915,"template":"","meta":[],"etheme_brands":[{"term_id":53,"name":"HP","slug":"hp","term_group":0,"term_taxonomy_id":53,"taxonomy":"brand","description":"","parent":0,"count":67,"filter":"raw"}],"product_brand":[],"product_cat":[57],"product_tag":[],"class_list":{"0":"post-3712","1":"product","2":"type-product","3":"status-publish","4":"has-post-thumbnail","6":"brand-hp","7":"product_cat-printer","9":"first","10":"instock","11":"purchasable","12":"product-type-variable"},"_links":{"self":[{"href":"https:\/\/www.atlas.ro\/en\/wp-json\/wp\/v2\/product\/3712","targetHints":{"allow":["GET"]}}],"collection":[{"href":"https:\/\/www.atlas.ro\/en\/wp-json\/wp\/v2\/product"}],"about":[{"href":"https:\/\/www.atlas.ro\/en\/wp-json\/wp\/v2\/types\/product"}],"wp:featuredmedia":[{"embeddable":true,"href":"https:\/\/www.atlas.ro\/en\/wp-json\/wp\/v2\/media\/3915"}],"wp:attachment":[{"href":"https:\/\/www.atlas.ro\/en\/wp-json\/wp\/v2\/media?parent=3712"}],"wp:term":[{"taxonomy":"brand","embeddable":true,"href":"https:\/\/www.atlas.ro\/en\/wp-json\/wp\/v2\/etheme_brands?post=3712"},{"taxonomy":"product_brand","embeddable":true,"href":"https:\/\/www.atlas.ro\/en\/wp-json\/wp\/v2\/product_brand?post=3712"},{"taxonomy":"product_cat","embeddable":true,"href":"https:\/\/www.atlas.ro\/en\/wp-json\/wp\/v2\/product_cat?post=3712"},{"taxonomy":"product_tag","embeddable":true,"href":"https:\/\/www.atlas.ro\/en\/wp-json\/wp\/v2\/product_tag?post=3712"}],"curies":[{"name":"wp","href":"https:\/\/api.w.org\/{rel}","templated":true}]}}