{"id":3706,"date":"2023-08-23T11:40:00","date_gmt":"2023-08-23T11:40:00","guid":{"rendered":"https:\/\/www.atlas.ro\/product\/hp-color-laserjet-mgd-mfp-e785dn-printer\/"},"modified":"2023-09-28T08:46:09","modified_gmt":"2023-09-28T08:46:09","slug":"hp-color-laserjet-mgd-mfp-e785dn-printer","status":"publish","type":"product","link":"https:\/\/www.atlas.ro\/en\/product\/hp-color-laserjet-mgd-mfp-e785dn-printer\/","title":{"rendered":"HP Color LaserJet Mgd MFP E785dn Printer"},"content":{"rendered":"<h3>Elibereaz\u0103-\u021bi productivitatea maxim\u0103<\/h3>\n<ul>\n<li>Abordeaz\u0103 orice cu ajutorul procesorului nostru puternic.<\/li>\n<li>Maximiza\u021bi productivitatea \u0219i \u00eembun\u0103t\u0103\u021bi\u021bi performan\u021ba general\u0103 de imprimare copiind, scan\u00e2nd \u0219i tip\u0103rind documente de toate dimensiunile aproape la viteza maxim\u0103.<\/li>\n<li>Cresc\u00e2nd productivitatea ta zilnic\u0103, avem un scanner duplex cu o trecere de top \u00een industrie de 120 ipm.<\/li>\n<li>Activeaz\u0103 cu u\u0219urin\u021b\u0103 fluxurile de lucru pe \u00eentreg parcursul t\u0103u cu o experien\u021b\u0103 uniform\u0103 pentru utilizatori \u0219i pictograme intuitive asem\u0103n\u0103toare tabletelor pe ecranul tactil color de 8 inch.<\/li>\n<li>Men\u021bine productivitatea \u0219i fii la curent cu cele mai noi func\u021bionalit\u0103\u021bi pe \u00eentregul t\u0103u parc cu firmware-ul HP FutureSmart 3 actualizabil.<\/li>\n<\/ul>\n<h3><\/h3>\n<h3>Solu\u021bii personalizabile, construite pentru durabilitate<\/h3>\n<ul>\n<li>Cre\u0219te-\u021bi productivitatea zilnic\u0103 cu experien\u021be personalizate cu aplica\u021bii HP Workpath conectate la cloud care \u00ee\u021bi permit s\u0103 accesezi con\u021binut personalizat, s\u0103 integrezi fluxuri de lucru pe h\u00e2rtie \u0219i digitale.<\/li>\n<li>Elibereaz\u0103-\u021bi creativitatea \u0219i potrive\u0219te-te oric\u0103rui decor de birou cu designuri moderne \u0219i op\u021biunea a cinci panouri de culoare personalizabile.<\/li>\n<li>Ofer\u0103-\u021bi echipei tot ceea ce au nevoie pentru a reu\u0219i cu platforma HP Open Extensibility, care con\u021bine sute de solu\u021bii HP \u0219i de la ter\u021bi, precum \u0219i suport pentru cititor de carduri.<\/li>\n<li>Facilitarea \u0219i simplificarea managementului culorilor cu HP Custom Color Manager.<\/li>\n<li>Potrive\u0219te ie\u0219irea color a oric\u0103rui document\/dispozitiv f\u0103r\u0103 problemele sistemelor costisitoare de potrivire a culorilor.<\/li>\n<\/ul>\n<h3><\/h3>\n<h3>\u00centotdeauna pe pozi\u021bii de gard\u0103 cu HP Wolf Security<\/h3>\n<ul>\n<li>Cu HP Sure Start care lucreaz\u0103 mereu \u00een culise, codul de operare (BIOS) este verificat automat \u00een timpul pornirii \u0219i se repar\u0103 dac\u0103 este compromis.<\/li>\n<li>Conexiunile de re\u021bea de ie\u0219ire ale imprimantei sunt inspectate pentru a opri solicit\u0103rile suspecte \u0219i a \u00eempiedica malware-ul, astfel \u00eenc\u00e2t s\u0103 r\u0103m\u00e2i conectat \u0219i \u00een siguran\u021b\u0103.<\/li>\n<li>Detectarea intruziunilor \u00een timp real este mereu \u00een alert\u0103.<\/li>\n<li>Certificat conform criteriilor comune pentru a monitoriza \u00een mod continuu activitatea memoriei pentru a te men\u021bine \u00een siguran\u021b\u0103, detect\u00e2nd \u0219i oprind atacurile \u00een timp real.<\/li>\n<li>HP Memory ShieldTM este o caracteristic\u0103 de securitate \u00eencorporat\u0103 care ajut\u0103 la prevenirea unei largi variet\u0103\u021bi de atacuri de malware de la redirec\u021bionarea fluxului de execu\u021bie a unui program.<\/li>\n<li>O imprimare mai bun\u0103, pentru o planet\u0103 mai bun\u0103.<\/li>\n<li>Ambalajul pe baz\u0103 de fibr\u0103, inclusiv cutia exterioar\u0103 \u0219i pernele interioare pe baz\u0103 de fibr\u0103 pentru acest produs provine \u00een propor\u021bie de 100% din surse durabile, ceea ce \u00eenseamn\u0103 c\u0103 este realizat din con\u021binut reciclat sau certificat.<\/li>\n<li>Dispozitivele noastre sunt create av\u00e2nd \u00een vedere planeta, cu imprimare eficient\u0103 din punct de vedere energetic \u0219i cartu\u0219e de toner realizate din peste 57% plastic reciclat.<\/li>\n<\/ul>\n<h3><\/h3>\n<h3>O imprimare care pune planeta pe primul loc.<\/h3>\n<ul>\n<li>Designurile noastre eficiente din punct de vedere energetic \u00eendeplinesc criteriile riguroase ale standardului EPEAT Gold, Energy Star \u0219i Blue Angel.<\/li>\n<li>Cu formule care \u00eendeplinesc standardele actuale de calitate a aerului interior, tonerul nostru cu topire ultra-sc\u0103zut\u0103 este eficient at\u00e2t pentru imprimare, c\u00e2t \u0219i pentru planet\u0103.<\/li>\n<\/ul>","protected":false},"excerpt":{"rendered":"<p>Puternic. Flexibil. Sigur.<\/p>\n<p>Schimbarea este singura constant\u0103 \u00een afaceri. Avanseaz\u0103 \u00een afacerea ta cu o imprimant\u0103 care poate fi modernizat\u0103 \u00een timp pentru a-\u021bi extinde capacit\u0103\u021bile. Cu cele mai sigure imprimante HP, vei r\u0103m\u00e2ne \u00een siguran\u021b\u0103 \u0219i vei simplifica gestionarea flotei pentru profesioni\u0219tii IT ocupa\u021bi.<\/p>","protected":false},"featured_media":3909,"template":"","meta":[],"etheme_brands":[{"term_id":53,"name":"HP","slug":"hp","term_group":0,"term_taxonomy_id":53,"taxonomy":"brand","description":"","parent":0,"count":67,"filter":"raw"}],"product_brand":[],"product_cat":[57],"product_tag":[],"class_list":{"0":"post-3706","1":"product","2":"type-product","3":"status-publish","4":"has-post-thumbnail","6":"brand-hp","7":"product_cat-printer","9":"first","10":"instock","11":"purchasable","12":"product-type-variable"},"_links":{"self":[{"href":"https:\/\/www.atlas.ro\/en\/wp-json\/wp\/v2\/product\/3706","targetHints":{"allow":["GET"]}}],"collection":[{"href":"https:\/\/www.atlas.ro\/en\/wp-json\/wp\/v2\/product"}],"about":[{"href":"https:\/\/www.atlas.ro\/en\/wp-json\/wp\/v2\/types\/product"}],"wp:featuredmedia":[{"embeddable":true,"href":"https:\/\/www.atlas.ro\/en\/wp-json\/wp\/v2\/media\/3909"}],"wp:attachment":[{"href":"https:\/\/www.atlas.ro\/en\/wp-json\/wp\/v2\/media?parent=3706"}],"wp:term":[{"taxonomy":"brand","embeddable":true,"href":"https:\/\/www.atlas.ro\/en\/wp-json\/wp\/v2\/etheme_brands?post=3706"},{"taxonomy":"product_brand","embeddable":true,"href":"https:\/\/www.atlas.ro\/en\/wp-json\/wp\/v2\/product_brand?post=3706"},{"taxonomy":"product_cat","embeddable":true,"href":"https:\/\/www.atlas.ro\/en\/wp-json\/wp\/v2\/product_cat?post=3706"},{"taxonomy":"product_tag","embeddable":true,"href":"https:\/\/www.atlas.ro\/en\/wp-json\/wp\/v2\/product_tag?post=3706"}],"curies":[{"name":"wp","href":"https:\/\/api.w.org\/{rel}","templated":true}]}}