{"id":3702,"date":"2023-08-23T11:40:00","date_gmt":"2023-08-23T11:40:00","guid":{"rendered":"https:\/\/www.atlas.ro\/product\/hp-laserjet-mngd-flow-mfp-e62665z-printer\/"},"modified":"2023-09-28T08:43:23","modified_gmt":"2023-09-28T08:43:23","slug":"hp-laserjet-mngd-flow-mfp-e62665z-printer","status":"publish","type":"product","link":"https:\/\/www.atlas.ro\/en\/product\/hp-laserjet-mngd-flow-mfp-e62665z-printer\/","title":{"rendered":"HP LaserJet Mngd Flow MFP E62665z Printer"},"content":{"rendered":"<h3>Imprimarea cea mai sigur\u0103 din lume<\/h3>\n<ul>\n<li>Cu HP Sure Start, fiecare imprimant\u0103 verific\u0103 \u00een mod regulat codul s\u0103u de func\u021bionare \u0219i se autorepar\u0103 \u00een cazul \u00eencerc\u0103rilor de hacking.<\/li>\n<li>Detectarea intruziunilor \u00een timp real monitorizeaz\u0103 continuu pentru a detecta \u0219i opri atacurile, apoi reporne\u0219te automat.<\/li>\n<li>Centralizeaz\u0103 controlul mediului t\u0103u de imprimare cu HP Web Jetadmin &#8211; \u0219i ajut\u0103 la cre\u0219terea eficien\u021bei afacerii.<\/li>\n<li>Ofer\u0103 grupurilor de lucru tot ceea ce au nevoie pentru a reu\u0219i. Alege \u0219i implementeaz\u0103 cu u\u0219urin\u021b\u0103 peste 180 de solu\u021bii HP \u0219i de la ter\u021bi.<\/li>\n<\/ul>\n<p>&nbsp;<\/p>\n<h3>Performan\u021b\u0103 de vitez\u0103 \u00eenalt\u0103 \u00eent\u00e2lne\u0219te eficien\u021b\u0103 energetic\u0103<\/h3>\n<ul>\n<li>Termin\u0103 rapid sarcinile \u0219i economise\u0219te h\u00e2rtie. Imprim\u0103 documente recto-verso aproape la fel de rapid ca cele tip\u0103rite pe o singur\u0103 parte.<\/li>\n<li>Acest multifunc\u021bional utilizeaz\u0103 cantit\u0103\u021bi excep\u021bional de reduse de energie datorit\u0103 designului s\u0103u inovator \u0219i tehnologiei de toner.<\/li>\n<li>Op\u021biunile de manipulare a h\u00e2rtiei includ un suport cu ro\u021bi \u0219i un alimentator de 550 de foi pentru dimensiuni de h\u00e2rtie de la A6 p\u00e2n\u0103 la legal.<\/li>\n<\/ul>\n<p>&nbsp;<\/p>\n<h3>Pagini, Performan\u021b\u0103 \u0219i Protec\u021bie.<\/h3>\n<ul>\n<li>Producere de text clar, negru intens \u0219i grafic\u0103 precis\u0103 cu tonerul negru de precizie.<\/li>\n<li>Petrece mai pu\u021bin timp \u00eenlocuind tonerul \u0219i mai mult timp pe afacerea ta. Alege cartu\u0219e de toner cu randament \u00eenalt.<\/li>\n<li>Ajut\u0103 la men\u021binerea calit\u0103\u021bii originale HP pentru care ai pl\u0103tit cu tehnologia de anti-fraud\u0103 \u0219i autentificare a cartu\u0219ului.<\/li>\n<\/ul>\n<p>&nbsp;<\/p>\n<h3>Ofer\u0103 grupurilor de lucru viteza de care au nevoie<\/h3>\n<ul>\n<li>Ajut\u0103 grupurile de lucru s\u0103 captureze fiecare pagin\u0103 u\u0219or \u0219i s\u0103 detecteze eventuale erori sau pagini pierdute &#8211; de fiecare dat\u0103.<\/li>\n<li>Introdu date mai rapid \u0219i mai precis utiliz\u00e2nd tastatura retractabil\u0103.<\/li>\n<li>Asigur\u0103-te c\u0103 fiecare document scanat este orientat corect, t\u0103iat la dimensiune \u0219i optimizat \u00een tonuri de gri.<\/li>\n<li>\u00cencarc\u0103 p\u00e2n\u0103 la 150 de pagini \u00een alimentatorul automat de documente pentru scanare rapid\u0103 \u0219i f\u0103r\u0103 supraveghere.<\/li>\n<\/ul>","protected":false},"excerpt":{"rendered":"<p>Acest multifunc\u021bional HP LaserJet cu JetIntelligence \u00eembin\u0103 performan\u021be excep\u021bionale \u0219i eficien\u021b\u0103 energetic\u0103 pentru a oferi documente de calitate profesional\u0103 exact atunci c\u00e2nd ai nevoie de ele, totul \u00een timp ce protejeaz\u0103 re\u021beaua ta de atacuri cu cea mai profund\u0103 securitate din industrie.<\/p>","protected":false},"featured_media":3905,"template":"","meta":[],"etheme_brands":[{"term_id":53,"name":"HP","slug":"hp","term_group":0,"term_taxonomy_id":53,"taxonomy":"brand","description":"","parent":0,"count":67,"filter":"raw"}],"product_brand":[],"product_cat":[57],"product_tag":[],"class_list":{"0":"post-3702","1":"product","2":"type-product","3":"status-publish","4":"has-post-thumbnail","6":"brand-hp","7":"product_cat-printer","9":"first","10":"instock","11":"purchasable","12":"product-type-variable"},"_links":{"self":[{"href":"https:\/\/www.atlas.ro\/en\/wp-json\/wp\/v2\/product\/3702","targetHints":{"allow":["GET"]}}],"collection":[{"href":"https:\/\/www.atlas.ro\/en\/wp-json\/wp\/v2\/product"}],"about":[{"href":"https:\/\/www.atlas.ro\/en\/wp-json\/wp\/v2\/types\/product"}],"wp:featuredmedia":[{"embeddable":true,"href":"https:\/\/www.atlas.ro\/en\/wp-json\/wp\/v2\/media\/3905"}],"wp:attachment":[{"href":"https:\/\/www.atlas.ro\/en\/wp-json\/wp\/v2\/media?parent=3702"}],"wp:term":[{"taxonomy":"brand","embeddable":true,"href":"https:\/\/www.atlas.ro\/en\/wp-json\/wp\/v2\/etheme_brands?post=3702"},{"taxonomy":"product_brand","embeddable":true,"href":"https:\/\/www.atlas.ro\/en\/wp-json\/wp\/v2\/product_brand?post=3702"},{"taxonomy":"product_cat","embeddable":true,"href":"https:\/\/www.atlas.ro\/en\/wp-json\/wp\/v2\/product_cat?post=3702"},{"taxonomy":"product_tag","embeddable":true,"href":"https:\/\/www.atlas.ro\/en\/wp-json\/wp\/v2\/product_tag?post=3702"}],"curies":[{"name":"wp","href":"https:\/\/api.w.org\/{rel}","templated":true}]}}