{"id":3693,"date":"2023-08-23T11:40:00","date_gmt":"2023-08-23T11:40:00","guid":{"rendered":"https:\/\/www.atlas.ro\/product\/hp-laserjet-managed-e50145dn-printer\/"},"modified":"2023-09-28T08:34:50","modified_gmt":"2023-09-28T08:34:50","slug":"hp-laserjet-managed-e50145dn-printer","status":"publish","type":"product","link":"https:\/\/www.atlas.ro\/en\/product\/hp-laserjet-managed-e50145dn-printer\/","title":{"rendered":"HP LaserJet Managed E50145dn Printer"},"content":{"rendered":"<h3>Imprimarea cea mai sigur\u0103 din lume<\/h3>\n<p>Fiecare imprimant\u0103 din flota ta verific\u0103 codul s\u0103u de func\u021bionare \u0219i se autorepar\u0103 \u00een cazul atacurilor.<\/p>\n<p>Conexiunile de re\u021bea de ie\u0219ire ale imprimantei tale sunt supravegheate pentru a opri cererile suspecte \u0219i a preveni malware-urile.<\/p>\n<p>Activitatea memoriei este monitorizat\u0103 \u00een mod constant pentru a detecta \u0219i opri atacurile.<\/p>\n<p>Firmware-ul este verificat automat la pornire pentru a se asigura c\u0103 este un cod autentic \u2013 semnat digital de HP.<\/p>\n<p>&nbsp;<\/p>\n<h3>Costuri reduse, consum redus de energie<\/h3>\n<p>Men\u021bine-\u021bi productivitatea cu cartu\u0219e fiabile \u0219i ajut\u0103 la economisirea energiei \u00een timpul imprim\u0103rii cu tonerul negru HP EcoSmart.<\/p>\n<p>Petrece mai pu\u021bin timp \u00eenlocuind tonerul, \u0219i mai mult timp pe afacerea ta. Alege cartu\u0219e de toner cu randament \u00eenalt op\u021bionale.<\/p>\n<p>Economii de energie \u00eembun\u0103t\u0103\u021bite &#8211; p\u00e2n\u0103 la 29% fa\u021b\u0103 de produsele anterioare, plus economii cu tehnologia Auto-on\/Auto-off.<\/p>\n<p>Aceast\u0103 imprimant\u0103 se potrive\u0219te \u00een spa\u021bii restr\u00e2nse pentru a spori performan\u021ba \u00een aproape orice mediu de lucru.<\/p>\n<p>&nbsp;<\/p>\n<h3>\u00centreaga ta flot\u0103. La controlul t\u0103u.<\/h3>\n<p>Centralizeaz\u0103 controlul asupra mediului t\u0103u de imprimare cu HP Web Jetadmin &#8211; \u0219i ajut\u0103 la cre\u0219terea eficien\u021bei afacerii.<\/p>\n<p>Ob\u021bine informa\u021bii despre costurile de imprimare, comportamentele \u0219i utilizarea pentru a stimula eficien\u021bele cu aceast\u0103 imprimant\u0103 bazat\u0103 pe cloud.<\/p>\n<p>Seteaz\u0103 politici de configurare a securit\u0103\u021bii \u0219i valideaz\u0103 automat set\u0103rile pentru fiecare imprimant\u0103 HP din flota ta.<\/p>\n<p>&nbsp;<\/p>\n<h3>Productivitate sporit\u0103 men\u021bine afacerea \u00een mi\u0219care<\/h3>\n<p>Trimite sarcini de imprimare \u00een mi\u0219care \u0219i elibereaz\u0103-le \u00een siguran\u021b\u0103 la orice imprimant\u0103 de birou activat\u0103 pentru HP Roam, \u00een siguran\u021b\u0103.<\/p>\n<p>Imprim\u0103 u\u0219or de pe o varietate de smartphone-uri \u0219i tablete &#8211; \u00een general, nu este necesar\u0103 nicio configurare sau aplica\u021bii.<\/p>\n<p>Nu a\u0219tepta documentele. Tip\u0103re\u0219te prima pagin\u0103 \u00een doar 5.9 secunde din modul de repaus eficient din punct de vedere energetic.<\/p>","protected":false},"excerpt":{"rendered":"<p>Alege HP LaserJet Managed E50145dn Printer, conceput\u0103 pentru a gestiona solu\u021bii de afaceri \u00een mod securizat \u0219i eficient, \u0219i care contribuie la economisirea energiei cu tonerul negru HP EcoSmart. \u021aine pasul cu cerin\u021bele unei afaceri \u00een cre\u0219tere av\u00e2nd \u00eencredere \u00eentr-o imprimant\u0103 pe care te po\u021bi baza.<\/p>","protected":false},"featured_media":3896,"template":"","meta":[],"etheme_brands":[{"term_id":53,"name":"HP","slug":"hp","term_group":0,"term_taxonomy_id":53,"taxonomy":"brand","description":"","parent":0,"count":67,"filter":"raw"}],"product_brand":[],"product_cat":[57],"product_tag":[],"class_list":{"0":"post-3693","1":"product","2":"type-product","3":"status-publish","4":"has-post-thumbnail","6":"brand-hp","7":"product_cat-printer","9":"first","10":"instock","11":"purchasable","12":"product-type-variable"},"_links":{"self":[{"href":"https:\/\/www.atlas.ro\/en\/wp-json\/wp\/v2\/product\/3693","targetHints":{"allow":["GET"]}}],"collection":[{"href":"https:\/\/www.atlas.ro\/en\/wp-json\/wp\/v2\/product"}],"about":[{"href":"https:\/\/www.atlas.ro\/en\/wp-json\/wp\/v2\/types\/product"}],"wp:featuredmedia":[{"embeddable":true,"href":"https:\/\/www.atlas.ro\/en\/wp-json\/wp\/v2\/media\/3896"}],"wp:attachment":[{"href":"https:\/\/www.atlas.ro\/en\/wp-json\/wp\/v2\/media?parent=3693"}],"wp:term":[{"taxonomy":"brand","embeddable":true,"href":"https:\/\/www.atlas.ro\/en\/wp-json\/wp\/v2\/etheme_brands?post=3693"},{"taxonomy":"product_brand","embeddable":true,"href":"https:\/\/www.atlas.ro\/en\/wp-json\/wp\/v2\/product_brand?post=3693"},{"taxonomy":"product_cat","embeddable":true,"href":"https:\/\/www.atlas.ro\/en\/wp-json\/wp\/v2\/product_cat?post=3693"},{"taxonomy":"product_tag","embeddable":true,"href":"https:\/\/www.atlas.ro\/en\/wp-json\/wp\/v2\/product_tag?post=3693"}],"curies":[{"name":"wp","href":"https:\/\/api.w.org\/{rel}","templated":true}]}}